{"id":2497,"date":"2023-06-05T16:00:41","date_gmt":"2023-06-05T14:00:41","guid":{"rendered":"http:\/\/nikitsch.gv.at\/hr\/?page_id=2497"},"modified":"2023-06-05T16:10:07","modified_gmt":"2023-06-05T14:10:07","slug":"betriebe","status":"publish","type":"page","link":"https:\/\/nikitsch.gv.at\/hr\/betriebe\/","title":{"rendered":"Betriebe"},"content":{"rendered":"\n<figure class=\"wp-block-table is-style-stripes\"><table><tbody><tr><td><strong>Betrieb<\/strong><\/td><td><strong>Adresse<\/strong><\/td><\/tr><tr><td>Huber Agrar &amp; Kfz Technik<\/td><td>Quellenstra\u00dfe 3 Nikitsch<\/td><\/tr><tr><td>Taxiunternehmen Schreiber<\/td><td>Hauptstra\u00dfe 61 Nikitsch<\/td><\/tr><tr><td>Gastrobedarf Gregorich<\/td><td>Hauptstra\u00dfe 149 Nikitsch<\/td><\/tr><tr><td>Gasthaus Divos<\/td><td>Hauptstra\u00dfe 133 Nikitsch<\/td><\/tr><tr><td>Autohaus Varga<\/td><td>Hauptstra\u00dfe 190 Nikitsch<\/td><\/tr><tr><td>Wirtshausheuriger Prandler<\/td><td>Feldgasse 11-13, Nikitsch<\/td><\/tr><tr><td>MORC Motorbike Buranits Martin<\/td><td>Gewerberied 2 Kr.Minihof<\/td><\/tr><tr><td>Electro Romwalter GmbH<\/td><td>Gewerberied 1 Kr.Minihof<\/td><\/tr><tr><td>Stranz IT Stranz Elisabeth<\/td><td>Hanf\u00e4cker 18 Kr.Minihof<\/td><\/tr><tr><td>ADEG Fazekas Sabine<\/td><td>Hauptstra\u00dfe 57 Kr.Minihof<\/td><\/tr><tr><td>MG OG Trockenbau<\/td><td>Hauptstra\u00dfe 72 Kr.Minihof<\/td><\/tr><tr><td>Autohaus Horvath<\/td><td>Hauptstra\u00dfe 77 Kr.Geresdorf<\/td><\/tr><tr><td>Taxiunternehmen Keglovits<\/td><td>Bankgasse 23 Kr.Geresdorf<\/td><\/tr><\/tbody><\/table><\/figure>\n","protected":false},"excerpt":{"rendered":"<p>Betrieb Adresse Huber Agrar &amp; Kfz Technik Quellenstra\u00dfe 3 Nikitsch Taxiunternehmen Schreiber Hauptstra\u00dfe 61 Nikitsch Gastrobedarf Gregorich Hauptstra\u00dfe 149 Nikitsch Gasthaus Divos Hauptstra\u00dfe 133 Nikitsch Autohaus Varga Hauptstra\u00dfe 190 Nikitsch Wirtshausheuriger Prandler Feldgasse 11-13, Nikitsch MORC Motorbike Buranits Martin Gewerberied 2 Kr.Minihof Electro Romwalter GmbH Gewerberied 1 Kr.Minihof Stranz IT Stranz Elisabeth Hanf\u00e4cker 18 Kr.Minihof [&hellip;]<\/p>\n","protected":false},"author":2,"featured_media":0,"parent":0,"menu_order":0,"comment_status":"closed","ping_status":"closed","template":"","meta":{"footnotes":""},"class_list":["post-2497","page","type-page","status-publish","hentry"],"_links":{"self":[{"href":"https:\/\/nikitsch.gv.at\/hr\/wp-json\/wp\/v2\/pages\/2497","targetHints":{"allow":["GET"]}}],"collection":[{"href":"https:\/\/nikitsch.gv.at\/hr\/wp-json\/wp\/v2\/pages"}],"about":[{"href":"https:\/\/nikitsch.gv.at\/hr\/wp-json\/wp\/v2\/types\/page"}],"author":[{"embeddable":true,"href":"https:\/\/nikitsch.gv.at\/hr\/wp-json\/wp\/v2\/users\/2"}],"replies":[{"embeddable":true,"href":"https:\/\/nikitsch.gv.at\/hr\/wp-json\/wp\/v2\/comments?post=2497"}],"version-history":[{"count":2,"href":"https:\/\/nikitsch.gv.at\/hr\/wp-json\/wp\/v2\/pages\/2497\/revisions"}],"predecessor-version":[{"id":2500,"href":"https:\/\/nikitsch.gv.at\/hr\/wp-json\/wp\/v2\/pages\/2497\/revisions\/2500"}],"wp:attachment":[{"href":"https:\/\/nikitsch.gv.at\/hr\/wp-json\/wp\/v2\/media?parent=2497"}],"curies":[{"name":"wp","href":"https:\/\/api.w.org\/{rel}","templated":true}]}}