{"id":2405,"date":"2023-05-17T11:16:05","date_gmt":"2023-05-17T09:16:05","guid":{"rendered":"http:\/\/nikitsch.gv.at\/hr\/?page_id=2405"},"modified":"2023-06-05T15:47:47","modified_gmt":"2023-06-05T13:47:47","slug":"deponie","status":"publish","type":"page","link":"https:\/\/nikitsch.gv.at\/hr\/deponie\/","title":{"rendered":"Deponie"},"content":{"rendered":"\n<h2 class=\"wp-block-heading\">Bauschutt &amp; Altstoffe<br><\/h2>\n\n\n\n<p>Jeder Ortsteil hat seine eigene Bauschuttdeponie und Altstoffsammelstelle sowie gesonderte \u00d6ffnungszeiten. Der n\u00e4chste Termin wird immer auch auf der Startseite angezeigt &#8211; vorausgesetzt es wurde ein Ort gew\u00e4hlt.<\/p>\n\n\n\n<figure class=\"wp-block-table is-style-stripes\"><table><tbody><tr><td style=\"width: 200px\">Nikitsch<\/td><td>1. Samstag von 13 &#8211; 17, restlichen Samstage 8 &#8211; 12<\/td><\/tr><tr><td>Kr. Minihof<\/td><td>1. und 3. Samstag von 9 &#8211; 11:30<br>(witterungsbedingte Winterpause von Dezember bis Anfang M\u00e4rz)<\/td><\/tr><tr><td>Kr. Geresdorf<br>(Bauschuttdeponie)<\/td><td>jeden 1. Samstag von 11 &#8211; 12 Uhr<br>(witterungsbedingte Winterpause von Dezember bis Anfang M\u00e4rz)<\/td><\/tr><tr><td>Kr. Geresdorf<br>(Altstoffsammelstelle,<br>Bankgasse)<\/td><td>jeden 1. und 3. Samstag von 13 &#8211; 15 Uhr<br>(witterungsbedingte Winterpause von Dezember bis Anfang M\u00e4rz)<\/td><\/tr><\/tbody><\/table><\/figure>\n\n\n\n<h2 class=\"wp-block-heading\">Was kann bei der Deponie abgegeben werden<\/h2>\n\n\n\n<p>Bei allen drei Deponien k\u00f6nnen folgende Kategorien abgegeben werden:<\/p>\n\n\n\n<ul class=\"wp-block-list\">\n<li>Bauschutt<\/li>\n\n\n\n<li>Sperrm\u00fcll<\/li>\n\n\n\n<li>Alteisen<\/li>\n\n\n\n<li>Altholz<\/li>\n\n\n\n<li>Baumschnitt<\/li>\n\n\n\n<li>Gr\u00fcnschnitt<\/li>\n<\/ul>\n\n\n\n<p>In Nikitsch sind folgende Abfallarten weiters m\u00f6glich:<\/p>\n\n\n\n<ul class=\"wp-block-list\">\n<li>alle Problemstoffe<\/li>\n\n\n\n<li>Elektroger\u00e4te<\/li>\n<\/ul>\n\n\n\n<h2 class=\"wp-block-heading\">Abfuhrtermine M\u00fcllabfuhr<\/h2>\n\n\n\n<p>Ist der Ort ausgew\u00e4hlt worden werden ebenso auf der Startseite die kommenden Abfuhrtermine f\u00fcr den Ortsteil angezeigt. Einen kompletten \u00dcberblick gibt es auf der Seite der M\u00fcllabfuhr.<\/p>\n\n\n\n<p><a href=\"http:\/\/nikitsch.gv.at\/hr\/services\/termine-muellabfuhr-2023\/\">M\u00fcllabfuhrtermine<\/a><\/p>\n","protected":false},"excerpt":{"rendered":"<p>Bauschutt &amp; Altstoffe Jeder Ortsteil hat seine eigene Bauschuttdeponie und Altstoffsammelstelle sowie gesonderte \u00d6ffnungszeiten. Der n\u00e4chste Termin wird immer auch auf der Startseite angezeigt &#8211; vorausgesetzt es wurde ein Ort gew\u00e4hlt. Nikitsch 1. Samstag von 13 &#8211; 17, restlichen Samstage 8 &#8211; 12 Kr. Minihof 1. und 3. Samstag von 9 &#8211; 11:30(witterungsbedingte Winterpause von [&hellip;]<\/p>\n","protected":false},"author":2,"featured_media":0,"parent":0,"menu_order":0,"comment_status":"closed","ping_status":"closed","template":"","meta":{"footnotes":""},"class_list":["post-2405","page","type-page","status-publish","hentry"],"_links":{"self":[{"href":"https:\/\/nikitsch.gv.at\/hr\/wp-json\/wp\/v2\/pages\/2405","targetHints":{"allow":["GET"]}}],"collection":[{"href":"https:\/\/nikitsch.gv.at\/hr\/wp-json\/wp\/v2\/pages"}],"about":[{"href":"https:\/\/nikitsch.gv.at\/hr\/wp-json\/wp\/v2\/types\/page"}],"author":[{"embeddable":true,"href":"https:\/\/nikitsch.gv.at\/hr\/wp-json\/wp\/v2\/users\/2"}],"replies":[{"embeddable":true,"href":"https:\/\/nikitsch.gv.at\/hr\/wp-json\/wp\/v2\/comments?post=2405"}],"version-history":[{"count":5,"href":"https:\/\/nikitsch.gv.at\/hr\/wp-json\/wp\/v2\/pages\/2405\/revisions"}],"predecessor-version":[{"id":2494,"href":"https:\/\/nikitsch.gv.at\/hr\/wp-json\/wp\/v2\/pages\/2405\/revisions\/2494"}],"wp:attachment":[{"href":"https:\/\/nikitsch.gv.at\/hr\/wp-json\/wp\/v2\/media?parent=2405"}],"curies":[{"name":"wp","href":"https:\/\/api.w.org\/{rel}","templated":true}]}}