{"id":2252,"date":"2023-04-28T15:01:04","date_gmt":"2023-04-28T13:01:04","guid":{"rendered":"http:\/\/nikitsch.gv.at\/hr\/?page_id=2252"},"modified":"2023-06-16T15:19:19","modified_gmt":"2023-06-16T13:19:19","slug":"tourismus","status":"publish","type":"page","link":"https:\/\/nikitsch.gv.at\/hr\/tourismus\/","title":{"rendered":"Tourismus"},"content":{"rendered":"\n<p>In der Gemeinde Nikitsch gibt es eine kleine aber feine Anzahl an Gasth\u00e4usern und \u00dcbernachtungsm\u00f6glichkeiten.<\/p>\n\n\n\n<h4 class=\"wp-block-heading\"><a><\/a>Wirtsh\u00e4user \/ kr\u010dme<\/h4>\n\n\n\n<figure class=\"wp-block-table is-style-stripes\"><table><tbody><tr><td style=\"width: 33%\">GH Divos<\/td><td style=\"width: 33%\">Nikitsch, Hauptstra\u00dfe 133<\/td><td>tel: +43 2614 8223<br>karin@gasthaus-divos.at<\/td><\/tr><tr><td>Wirtshaus-Heuriger Prandler<\/td><td>Nikitsch, Feldgasse 11<\/td><td>tel: +43 2614 21274<br>kontakt@wirtshausheuriger.at<\/td><\/tr><tr><td>GH Teveli<\/td><td>Kr. Geresdorf, Hauptstra\u00dfe 29<\/td><td><\/td><\/tr><\/tbody><\/table><\/figure>\n\n\n\n<h4 class=\"wp-block-heading\"><a><\/a>Hotels und Pensionen \/ hoteli i pensioni<\/h4>\n\n\n\n<figure class=\"wp-block-table is-style-stripes\"><table><tbody><tr><td style=\"width: 33%\">Altes Zollhaus<\/td><td style=\"width: 33%\">Kr. Minihof, Hauptstra\u00dfe 91<\/td><td>+43 2614 86165<br>altes-zollhaus@uab-krizmanich.at<\/td><\/tr><\/tbody><\/table><\/figure>\n\n\n\n<h4 class=\"wp-block-heading\"><a><\/a>Transport \/ prijevoz<\/h4>\n\n\n\n<figure class=\"wp-block-table is-style-stripes\"><table><tbody><tr><td style=\"width: 33%\">Bus &amp; Taxi Schreiber<\/td><td style=\"width: 33%\">Nikitsch, Hauptstra\u00dfe 61<\/td><td>tel: +43 2614 8229<\/td><\/tr><tr><td>Taxi Keglovits<\/td><td>Kr. Geresdorf, Bankgasse 23<\/td><td>tel: +43 664 307686<br>office@taxi-keglovits.com<\/td><\/tr><\/tbody><\/table><\/figure>\n","protected":false},"excerpt":{"rendered":"<p>In der Gemeinde Nikitsch gibt es eine kleine aber feine Anzahl an Gasth\u00e4usern und \u00dcbernachtungsm\u00f6glichkeiten. Wirtsh\u00e4user \/ kr\u010dme GH Divos Nikitsch, Hauptstra\u00dfe 133 tel: +43 2614 8223karin@gasthaus-divos.at Wirtshaus-Heuriger Prandler Nikitsch, Feldgasse 11 tel: +43 2614 21274kontakt@wirtshausheuriger.at GH Teveli Kr. Geresdorf, Hauptstra\u00dfe 29 Hotels und Pensionen \/ hoteli i pensioni Altes Zollhaus Kr. Minihof, Hauptstra\u00dfe 91 [&hellip;]<\/p>\n","protected":false},"author":3,"featured_media":0,"parent":0,"menu_order":0,"comment_status":"closed","ping_status":"closed","template":"","meta":{"footnotes":""},"class_list":["post-2252","page","type-page","status-publish","hentry"],"_links":{"self":[{"href":"https:\/\/nikitsch.gv.at\/hr\/wp-json\/wp\/v2\/pages\/2252","targetHints":{"allow":["GET"]}}],"collection":[{"href":"https:\/\/nikitsch.gv.at\/hr\/wp-json\/wp\/v2\/pages"}],"about":[{"href":"https:\/\/nikitsch.gv.at\/hr\/wp-json\/wp\/v2\/types\/page"}],"author":[{"embeddable":true,"href":"https:\/\/nikitsch.gv.at\/hr\/wp-json\/wp\/v2\/users\/3"}],"replies":[{"embeddable":true,"href":"https:\/\/nikitsch.gv.at\/hr\/wp-json\/wp\/v2\/comments?post=2252"}],"version-history":[{"count":13,"href":"https:\/\/nikitsch.gv.at\/hr\/wp-json\/wp\/v2\/pages\/2252\/revisions"}],"predecessor-version":[{"id":2594,"href":"https:\/\/nikitsch.gv.at\/hr\/wp-json\/wp\/v2\/pages\/2252\/revisions\/2594"}],"wp:attachment":[{"href":"https:\/\/nikitsch.gv.at\/hr\/wp-json\/wp\/v2\/media?parent=2252"}],"curies":[{"name":"wp","href":"https:\/\/api.w.org\/{rel}","templated":true}]}}