{"id":1959,"date":"2023-01-05T09:57:24","date_gmt":"2023-01-05T08:57:24","guid":{"rendered":"http:\/\/nikitsch.gv.at\/hr\/?page_id=1959"},"modified":"2023-01-05T09:57:24","modified_gmt":"2023-01-05T08:57:24","slug":"geschichte-kr-geresdorf","status":"publish","type":"page","link":"https:\/\/nikitsch.gv.at\/hr\/geschichte-kr-geresdorf\/","title":{"rendered":"Geschichte Kr. Geresdorf"},"content":{"rendered":"\n<p>Die erste urkundliche Nennung des Ortes unter dem Namen \u201eGerolth\u201c geht auf das Jahr 1156 zur\u00fcck. Aus \u201eGeroltesdorf\u201c, das Dorf des Gerolt, entwickelte sich der deutsche Ortsname \u201eGeresdorf\u201c. Die kroatische Form \u201eGeristof\u201c wurde wahrscheinlich bereits seit dem 16. Jhdt. gebraucht.<\/p>\n\n\n\n<p>Der Ort war Bestandteil der Grafschaft Lutzmannsburg, die sich im Besitz der deutschen Ritter Gottfried und Albrecht G\u00f6sfalvi befand. Im Jahr 1329 war unser Dorf im Besitz der Abtei Klostermarienberg. 1529-1532 blieb Kroatisch Geresdorf, nun \u201eGyrolth\u201c und im Herrschaftsbesitz von Landsee, so wie seine Umgebung von Pestepidemien und T\u00fcrkenkriegen nicht verschont. Doch gerade diese T\u00fcrkenkriege spielten in der weiteren Entwicklung dieser Gegend eine entscheidende Rolle. Die verlassenen D\u00f6rfer wurden von Fl\u00fcchtlingen aus Kroatien besiedelt.<\/p>\n","protected":false},"excerpt":{"rendered":"<p>Die erste urkundliche Nennung des Ortes unter dem Namen \u201eGerolth\u201c geht auf das Jahr 1156 zur\u00fcck. Aus \u201eGeroltesdorf\u201c, das Dorf des Gerolt, entwickelte sich der deutsche Ortsname \u201eGeresdorf\u201c. Die kroatische Form \u201eGeristof\u201c wurde wahrscheinlich bereits seit dem 16. Jhdt. gebraucht. Der Ort war Bestandteil der Grafschaft Lutzmannsburg, die sich im Besitz der deutschen Ritter Gottfried [&hellip;]<\/p>\n","protected":false},"author":3,"featured_media":0,"parent":0,"menu_order":0,"comment_status":"closed","ping_status":"closed","template":"","meta":{"footnotes":""},"class_list":["post-1959","page","type-page","status-publish","hentry"],"_links":{"self":[{"href":"https:\/\/nikitsch.gv.at\/hr\/wp-json\/wp\/v2\/pages\/1959","targetHints":{"allow":["GET"]}}],"collection":[{"href":"https:\/\/nikitsch.gv.at\/hr\/wp-json\/wp\/v2\/pages"}],"about":[{"href":"https:\/\/nikitsch.gv.at\/hr\/wp-json\/wp\/v2\/types\/page"}],"author":[{"embeddable":true,"href":"https:\/\/nikitsch.gv.at\/hr\/wp-json\/wp\/v2\/users\/3"}],"replies":[{"embeddable":true,"href":"https:\/\/nikitsch.gv.at\/hr\/wp-json\/wp\/v2\/comments?post=1959"}],"version-history":[{"count":1,"href":"https:\/\/nikitsch.gv.at\/hr\/wp-json\/wp\/v2\/pages\/1959\/revisions"}],"predecessor-version":[{"id":1960,"href":"https:\/\/nikitsch.gv.at\/hr\/wp-json\/wp\/v2\/pages\/1959\/revisions\/1960"}],"wp:attachment":[{"href":"https:\/\/nikitsch.gv.at\/hr\/wp-json\/wp\/v2\/media?parent=1959"}],"curies":[{"name":"wp","href":"https:\/\/api.w.org\/{rel}","templated":true}]}}