{"id":1953,"date":"2023-01-05T09:47:30","date_gmt":"2023-01-05T08:47:30","guid":{"rendered":"http:\/\/nikitsch.gv.at\/hr\/?page_id=1953"},"modified":"2023-06-16T15:17:21","modified_gmt":"2023-06-16T13:17:21","slug":"gemeindeportrait","status":"publish","type":"page","link":"https:\/\/nikitsch.gv.at\/hr\/gemeindeportrait\/","title":{"rendered":"Gemeindeportrait"},"content":{"rendered":"\n<p>Nikitsch (kroatisch: File\u017e, ungarisch: F\u00fcles) ist eine \u00f6sterreichische Gemeinde im Bundesland Burgenland im Bezirk Oberpullendorf. Die Gemeinde Nikitsch hat 1.413 Einwohner (Stand 1. J\u00e4nner 2022), wovon 87 Prozent zur Volksgruppe der Burgenlandkroaten angeh\u00f6ren.\u00a0Damit ist Nikitsch die Gemeinde mit dem gr\u00f6\u00dften Anteil an Kroaten im Burgenland. Sie liegt ca. 5 Kilometer von der Staatsgrenze zu Ungarn entfernt.<\/p>\n\n\n\n<p>Schon bei der ersten urkundlichen Erw\u00e4hnung im Jahr 1150 als Uhec wurden in Nikitsch Kroaten und Slowenen genannt. Die letzte gro\u00dfe Besiedlungswelle des Orts durch Kroaten fand zwischen 1565 und 1579 statt.<\/p>\n\n\n\n<p>Katastralgemeinden sind:<\/p>\n\n\n\n<ul class=\"wp-block-list\">\n<li>Nikitsch \/ File\u017e<\/li>\n\n\n\n<li>Kroatisch Minihof \/ Mjenovo<\/li>\n\n\n\n<li>Kroatisch Geresdorf \/ Geri\u0161tof<\/li>\n<\/ul>\n\n\n\n<h4 class=\"wp-block-heading\">Daten der Gro\u00dfgemeinde:<\/h4>\n\n\n\n<div class=\"wp-block-columns is-layout-flex wp-container-core-columns-is-layout-1 wp-block-columns-is-layout-flex\">\n<div class=\"wp-block-column is-layout-flow wp-block-column-is-layout-flow\" style=\"flex-basis:100%\">\n<figure class=\"wp-block-table is-style-stripes\"><table><tbody><tr><td style=\"width: 200px\">Einwohnerzahl<\/td><td>1.413 (Stand 1. J\u00e4nner 2022)<\/td><\/tr><tr><td>Fl\u00e4chenausma\u00df<\/td><td>50,72 km2<\/td><\/tr><tr><td>Bezirk<\/td><td>Oberpullendorf<\/td><\/tr><tr><td>Gemeindekennziffer<\/td><td>1 08 15<\/td><\/tr><\/tbody><\/table><\/figure>\n<\/div>\n<\/div>\n\n\n\n<h4 class=\"wp-block-heading\">Daten Ortsteil Nikitsch:<\/h4>\n\n\n\n<div class=\"wp-block-columns is-layout-flex wp-container-core-columns-is-layout-2 wp-block-columns-is-layout-flex\">\n<div class=\"wp-block-column is-layout-flow wp-block-column-is-layout-flow\" style=\"flex-basis:100%\">\n<figure class=\"wp-block-table is-style-stripes\"><table><tbody><tr><td style=\"width: 200px\">Kroatisch<\/td><td>File\u017e<\/td><\/tr><tr><td>Ungarisch<\/td><td>F\u00fcles<\/td><\/tr><tr><td>Einwohnerzahl<\/td><td>730 (Stand 1. J\u00e4nner 2022)<\/td><\/tr><tr><td>Seeh\u00f6he<\/td><td>228m<\/td><\/tr><\/tbody><\/table><\/figure>\n<\/div>\n<\/div>\n\n\n\n<h4 class=\"wp-block-heading\">Daten Ortsteil Kroatisch Minihof:<\/h4>\n\n\n\n<figure class=\"wp-block-table is-style-stripes\"><table><tbody><tr><td style=\"width: 200px\">Kroatisch<\/td><td>Mjenovo<\/td><\/tr><tr><td>Ungarisch<\/td><td>Malomh\u00e1za<\/td><\/tr><tr><td>Einwohnerzahl<\/td><td>314 (Stand 1. J\u00e4nner 2022)<\/td><\/tr><tr><td>Fl\u00e4chenausma\u00df<\/td><td>12,86 km2<\/td><\/tr><tr><td>Seeh\u00f6he<\/td><td>255m<\/td><\/tr><\/tbody><\/table><\/figure>\n\n\n\n<h4 class=\"wp-block-heading\">Daten Ortsteil Kroatisch Geresdorf:<\/h4>\n\n\n\n<figure class=\"wp-block-table is-style-stripes\"><table><tbody><tr><td style=\"width: 200px\">Kroatisch<\/td><td>Geri\u0161tof<\/td><\/tr><tr><td>Ungarisch<\/td><td>Gyir\u00f3t<\/td><\/tr><tr><td>Einwohnerzahl<\/td><td>369 (Stand 1. J\u00e4nner 2022)<\/td><\/tr><tr><td>Seeh\u00f6he<\/td><td>237m<\/td><\/tr><\/tbody><\/table><\/figure>\n","protected":false},"excerpt":{"rendered":"<p>Nikitsch (kroatisch: File\u017e, ungarisch: F\u00fcles) ist eine \u00f6sterreichische Gemeinde im Bundesland Burgenland im Bezirk Oberpullendorf. Die Gemeinde Nikitsch hat 1.413 Einwohner (Stand 1. J\u00e4nner 2022), wovon 87 Prozent zur Volksgruppe der Burgenlandkroaten angeh\u00f6ren.\u00a0Damit ist Nikitsch die Gemeinde mit dem gr\u00f6\u00dften Anteil an Kroaten im Burgenland. Sie liegt ca. 5 Kilometer von der Staatsgrenze zu Ungarn [&hellip;]<\/p>\n","protected":false},"author":3,"featured_media":0,"parent":0,"menu_order":0,"comment_status":"closed","ping_status":"closed","template":"","meta":{"footnotes":""},"class_list":["post-1953","page","type-page","status-publish","hentry"],"_links":{"self":[{"href":"https:\/\/nikitsch.gv.at\/hr\/wp-json\/wp\/v2\/pages\/1953","targetHints":{"allow":["GET"]}}],"collection":[{"href":"https:\/\/nikitsch.gv.at\/hr\/wp-json\/wp\/v2\/pages"}],"about":[{"href":"https:\/\/nikitsch.gv.at\/hr\/wp-json\/wp\/v2\/types\/page"}],"author":[{"embeddable":true,"href":"https:\/\/nikitsch.gv.at\/hr\/wp-json\/wp\/v2\/users\/3"}],"replies":[{"embeddable":true,"href":"https:\/\/nikitsch.gv.at\/hr\/wp-json\/wp\/v2\/comments?post=1953"}],"version-history":[{"count":11,"href":"https:\/\/nikitsch.gv.at\/hr\/wp-json\/wp\/v2\/pages\/1953\/revisions"}],"predecessor-version":[{"id":2591,"href":"https:\/\/nikitsch.gv.at\/hr\/wp-json\/wp\/v2\/pages\/1953\/revisions\/2591"}],"wp:attachment":[{"href":"https:\/\/nikitsch.gv.at\/hr\/wp-json\/wp\/v2\/media?parent=1953"}],"curies":[{"name":"wp","href":"https:\/\/api.w.org\/{rel}","templated":true}]}}