{"id":1521,"date":"2022-04-22T12:14:02","date_gmt":"2022-04-22T10:14:02","guid":{"rendered":"https:\/\/dev.alpsware.at\/gemeindeapp\/modern\/?page_id=1521"},"modified":"2023-05-17T11:31:49","modified_gmt":"2023-05-17T09:31:49","slug":"impressum","status":"publish","type":"page","link":"https:\/\/nikitsch.gv.at\/hr\/impressum\/","title":{"rendered":"Impressum &amp; Datenschutzhinweis"},"content":{"rendered":"\n<h2 class=\"wp-block-heading\">Medieninhaber &amp; Herausgeber<\/h2>\n\n\n\n<p>Gemeinde Nikitsch<br>7302 Nikitsch, Hauptstra\u00dfe 87<br>Tel.: 02614 8210-0<br>Fax: 02614 8210-14<br>post@nikitsch.bgld.gv.at<\/p>\n\n\n\n<h2 class=\"wp-block-heading\">Haftung f\u00fcr Inhalte<\/h2>\n\n\n\n<p>Die Inhalte unserer Seiten wurden mit gr\u00f6\u00dfter Sorgfalt erstellt. F\u00fcr die Richtigkeit, Vollst\u00e4ndigkeit und Aktualit\u00e4t der Inhalte k\u00f6nnen wir jedoch keine Gew\u00e4hr \u00fcbernehmen. Als Diensteanbieter sind wir f\u00fcr eigene Inhalte auf diesen Seiten nach den allgemeinen Gesetzen verantwortlich. Gem\u00e4\u00df Gesetz sind wir als Diensteanbieter jedoch nicht verpflichtet, \u00fcbermittelte oder gespeicherte fremde Informationen zu \u00fcberwachen oder nach Umst\u00e4nden zu forschen, die auf eine rechtswidrige T\u00e4tigkeit hinweisen. Verpflichtungen zur Entfernung oder Sperrung der Nutzung von Informationen nach den allgemeinen Gesetzen bleiben hiervon unber\u00fchrt. Eine diesbez\u00fcgliche Haftung ist jedoch erst ab dem Zeitpunkt der Kenntnis einer konkreten Rechtsverletzung m\u00f6glich. Bei Bekanntwerden von entsprechenden Rechtsverletzungen werden wir diese Inhalte umgehend entfernen.<\/p>\n\n\n\n<h2 class=\"wp-block-heading\">Allgemeine Datenschutzinformation<\/h2>\n\n\n\n<p>Gemeinden f\u00fchren zur Erf\u00fcllung ihrer Aufgaben unterschiedliche Verarbeitungen von personenbezogenen Daten der B\u00fcrgerinnen und B\u00fcrger sowie von Kundinnen und Kunden durch. Nachstehend informieren wir Sie dar\u00fcber, zu welchem Zweck welche personenbezogenen Daten verarbeitet werden. Alle Daten werden nur zu bestimmten rechtm\u00e4\u00dfigen Zwecken verarbeitet.<\/p>\n\n\n\n<p>Die Gemeinde stellt als Verantwortliche f\u00fcr die Datenverarbeitung sicher, dass Ihre personenbezogenen Daten im Sinne der geltenden datenschutzrechtlichen Normen behandelt und entsprechend gesch\u00fctzt werden.<\/p>\n\n\n\n<h2 class=\"wp-block-heading\">Grundlagen f\u00fcr die Datenverarbeitung<\/h2>\n\n\n\n<p>Gemeinden sind verpflichtet, Aufgaben, die im \u00f6ffentlichen Interesse liegen oder in Aus\u00fcbung \u00f6ffentlicher Gewalt erfolgen, zu erledigen. Die Verarbeitung von personenbezogenen Daten beruht in vielen F\u00e4llen auf einer rechtlichen Verpflichtung, welcher die Gemeinde unterliegt oder ist zur Erf\u00fcllung eines Vertrages beziehungsweise im Rahmen von vorvertraglichen Ma\u00dfnahmen erforderlich.<br>Aus den unterschiedlichen Gesetzen und sonstigen Normen ergibt sich, welche Arten von personenbezogenen Daten konkret dabei dem jeweiligen Zweck entsprechend verarbeitet werden m\u00fcssen.<\/p>\n\n\n\n<p>In manchen F\u00e4llen erfolgt die Verarbeitung personenbezogener Daten auf der Grundlage von Einwilligungserkl\u00e4rungen. Einwilligungen k\u00f6nnen jederzeit ohne Angabe von Gr\u00fcnden f\u00fcr die Zukunft widerrufen werden. Die Rechtm\u00e4\u00dfigkeit der bis zum Widerruf erfolgten Datenverarbeitung bleibt vom Widerruf unber\u00fchrt. Die Daten werden nach dem Widerruf nicht mehr f\u00fcr den Zweck, f\u00fcr den die Einwilligung erteilt wurde, verwendet.<\/p>\n\n\n\n<p>Wenn Sie im Rahmen von allgemeinen Anfragen telefonisch, per E-Mail oder \u00fcber unser Kontaktformular mit uns Kontakt aufnehmen, werden die von Ihnen angegebenen Daten (das sind in der Regel: Name, Kontaktdaten, Thema der Anfrage) zwecks Bearbeitung der Anfrage und f\u00fcr den Fall von R\u00fcckfragen verarbeitet. Diese Daten werden nicht an Dritte weitergegeben.<\/p>\n\n\n\n<p>Im Zuge von Veranstaltungen der Gemeinde werden mitunter Fotos gemacht, die zur Darstellung der Aktivit\u00e4ten der Gemeinde vereinzelt ver\u00f6ffentlicht werden k\u00f6nnen. Diesbez\u00fcglich gilt als Rechtsgrundlage f\u00fcr die Verarbeitung von personenbezogenen Daten Artikel 6 Absatz 1 litera f der Datenschutz-Grundverordnung. Sollten Sie keine Ver\u00f6ffentlichung von Fotos, auf denen Sie zu sehen sind, w\u00fcnschen, bitten wir um Mitteilung beim Fotografen der Veranstaltung.<\/p>\n\n\n\n<p>Die Empf\u00e4nger von Newslettern willigen ein, dass f\u00fcr deren Versand die erforderlichen Daten (das sind in der Regel: Name und Kontaktdaten) verarbeitet werden. Sobald Sie die Einwilligung f\u00fcr die Zukunft widerrufen, werden Ihre Daten unverz\u00fcglich gel\u00f6scht. Einen Link zum Widerrufsformular finden Sie in jedem Newsletter.<\/p>\n\n\n\n<p>Gespeichert werden Ihre Daten generell nur so lange, wie sie f\u00fcr den jeweiligen Zweck ben\u00f6tigt werden und es die gesetzlich vorgegebenen Aufbewahrungsfristen vorsehen oder Verj\u00e4hrungsanspr\u00fcche potentieller Rechtsanspr\u00fcche noch nicht abgelaufen sind. Danach werden die personenbezogenen Daten gel\u00f6scht.<\/p>\n\n\n\n<h2 class=\"wp-block-heading\">Rechte in Zusammenhang mit der Verarbeitung von personenbezogenen Daten<\/h2>\n\n\n\n<p>Unter den Voraussetzungen des geltenden Rechts haben Sie das Recht auf Auskunft, Berichtigung, L\u00f6schung und Einschr\u00e4nkung der Verarbeitung der Daten, ein Widerspruchsrecht gegen die Verarbeitung der Daten sowie das Recht auf Daten\u00fcbertragbarkeit.<br>Zudem besteht die M\u00f6glichkeit, eine Beschwerde bei der \u00d6sterreichischen Datenschutzbeh\u00f6rde, E-Mail: dsb(at)dsb.gv.at, zu erheben.<\/p>\n\n\n\n<h2 class=\"wp-block-heading\">Informationen zum Besuch dieser Webseite<\/h2>\n\n\n\n<p>Im Rahmen des Internetauftritts der Gemeinde werden auf der Grundlage von Artikel 6 Absatz 1 litera f der Datenschuz-Grundverordnung Daten vom verwendeten Endger\u00e4t verarbeitet. Dies ist erforderlich um die Funktionalit\u00e4t der Webseite zu gew\u00e4hrleisten. Konkret handelt es sich dabei um folgende Daten: Datum &amp; Uhrzeit, IP-Adresse, Name und Version des Browsers und die URL.<\/p>\n\n\n\n<p>Protokolldateien werden innerhalb von einem Jahr wieder gel\u00f6scht. Eine l\u00e4ngere Speicherung erfolgt nur, soweit dies erforderlich ist, um festgestellte Angriffe auf die Webseite zu untersuchen.<\/p>\n\n\n\n<p>Um unsere Website optimal auf die Bed\u00fcrfnisse unserer B\u00fcrger auszurichten, verwenden wir Cookies. Dabei handelt es sich um kleine Textdateien, die auf Ihrem Computer gespeichert werden und eine Analyse der Benutzung der Website erm\u00f6glichen und der Wiedererkennung Ihres Browsers dienen. Sollte dies nicht erw\u00fcnscht sein, k\u00f6nnen Sie Ihren Browser so einstellen, dass er dies nur im Einzelfall erlaubt. Wenn Sie die Verwendung von Cookies deaktivieren, kann die Funktionalit\u00e4t unserer Website eingeschr\u00e4nkt sein. Cookies bleiben auf Ihrem Endger\u00e4t gespeichert, bis Sie diese l\u00f6schen.<\/p>\n\n\n\n<h2 class=\"wp-block-heading\">Datenschutzrechtliche Verantwortung und Kontaktdaten<\/h2>\n\n\n\n<p>Datenschutzrechtlich verantwortlich im Sinne der Datenschutz-Grundverordnung der Europ\u00e4ischen Union, Verordnung (EU) Nummer 2016\/679 ist die Gemeinde Nikitsch, 7302 Nikitsch, Hauptstra\u00dfe 87; E-Mail: post(at)nikitsch.bgld.gv.at<\/p>\n\n\n\n<h2 class=\"wp-block-heading\">Datenschutzbeauftragter<\/h2>\n\n\n\n<p>Land Burgenland \u2013 Amt der Burgenl\u00e4ndischen Landesregierung, Abteilung 2 \u2013 Landesplanung, Sicherheit, Gemeinden und Wirtschaft, 7000 Eisenstadt, Europaplatz 1; E-Mail: post.a2-DSBAGem(at)bgld.gv.at<\/p>\n\n\n\n<p>Stand: 01.01.2020<\/p>\n","protected":false},"excerpt":{"rendered":"<p>Medieninhaber &amp; Herausgeber Gemeinde Nikitsch7302 Nikitsch, Hauptstra\u00dfe 87Tel.: 02614 8210-0Fax: 02614 8210-14post@nikitsch.bgld.gv.at Haftung f\u00fcr Inhalte Die Inhalte unserer Seiten wurden mit gr\u00f6\u00dfter Sorgfalt erstellt. F\u00fcr die Richtigkeit, Vollst\u00e4ndigkeit und Aktualit\u00e4t der Inhalte k\u00f6nnen wir jedoch keine Gew\u00e4hr \u00fcbernehmen. Als Diensteanbieter sind wir f\u00fcr eigene Inhalte auf diesen Seiten nach den allgemeinen Gesetzen verantwortlich. Gem\u00e4\u00df Gesetz [&hellip;]<\/p>\n","protected":false},"author":3,"featured_media":0,"parent":0,"menu_order":0,"comment_status":"closed","ping_status":"closed","template":"","meta":{"footnotes":""},"class_list":["post-1521","page","type-page","status-publish","hentry"],"_links":{"self":[{"href":"https:\/\/nikitsch.gv.at\/hr\/wp-json\/wp\/v2\/pages\/1521","targetHints":{"allow":["GET"]}}],"collection":[{"href":"https:\/\/nikitsch.gv.at\/hr\/wp-json\/wp\/v2\/pages"}],"about":[{"href":"https:\/\/nikitsch.gv.at\/hr\/wp-json\/wp\/v2\/types\/page"}],"author":[{"embeddable":true,"href":"https:\/\/nikitsch.gv.at\/hr\/wp-json\/wp\/v2\/users\/3"}],"replies":[{"embeddable":true,"href":"https:\/\/nikitsch.gv.at\/hr\/wp-json\/wp\/v2\/comments?post=1521"}],"version-history":[{"count":2,"href":"https:\/\/nikitsch.gv.at\/hr\/wp-json\/wp\/v2\/pages\/1521\/revisions"}],"predecessor-version":[{"id":2417,"href":"https:\/\/nikitsch.gv.at\/hr\/wp-json\/wp\/v2\/pages\/1521\/revisions\/2417"}],"wp:attachment":[{"href":"https:\/\/nikitsch.gv.at\/hr\/wp-json\/wp\/v2\/media?parent=1521"}],"curies":[{"name":"wp","href":"https:\/\/api.w.org\/{rel}","templated":true}]}}